{"id":314,"date":"2025-05-08T10:30:53","date_gmt":"2025-05-08T08:30:53","guid":{"rendered":"http:\/\/dn-umzuege.ui.xerbdev.online\/?page_id=314"},"modified":"2025-05-08T11:57:01","modified_gmt":"2025-05-08T09:57:01","slug":"aufbau-abbau-von-kuechen","status":"publish","type":"page","link":"https:\/\/dn-umzuege.de\/?page_id=314","title":{"rendered":"Aufbau \/ Abbau von K\u00fcchen"},"content":{"rendered":"\t\t<div data-elementor-type=\"wp-page\" data-elementor-id=\"314\" class=\"elementor elementor-314\">\n\t\t\t\t\t\t<section class=\"elementor-section elementor-top-section elementor-element elementor-element-4df64fc7 elementor-section-boxed elementor-section-height-default elementor-section-height-default\" data-id=\"4df64fc7\" data-element_type=\"section\">\n\t\t\t\t\t\t<div class=\"elementor-container elementor-column-gap-default\">\n\t\t\t\t\t<div class=\"elementor-column elementor-col-50 elementor-top-column elementor-element elementor-element-35b5e61\" data-id=\"35b5e61\" data-element_type=\"column\" data-settings=\"{&quot;background_background&quot;:&quot;classic&quot;}\">\n\t\t\t<div class=\"elementor-widget-wrap elementor-element-populated\">\n\t\t\t\t\t\t<div class=\"elementor-element elementor-element-8e55261 elementor-widget elementor-widget-heading\" data-id=\"8e55261\" data-element_type=\"widget\" data-widget_type=\"heading.default\">\n\t\t\t\t<div class=\"elementor-widget-container\">\n\t\t\t\t\t<h2 class=\"elementor-heading-title elementor-size-default\">Aufbau \/ Abbau von K\u00fcchen<\/h2>\t\t\t\t<\/div>\n\t\t\t\t<\/div>\n\t\t\t\t<div class=\"elementor-element elementor-element-38030135 elementor-widget elementor-widget-text-editor\" data-id=\"38030135\" data-element_type=\"widget\" data-widget_type=\"text-editor.default\">\n\t\t\t\t<div class=\"elementor-widget-container\">\n\t\t\t\t\t\t\t\t\t<p class=\"\" data-start=\"199\" data-end=\"575\">Ein Umzug bringt genug Herausforderungen mit sich \u2013 \u00fcberlassen Sie den Auf- und Abbau Ihrer K\u00fcche den Profis von <strong data-start=\"312\" data-end=\"327\">DN UMZ\u00dcGE<\/strong> in D\u00fcren. Unser erfahrenes Team aus geschulten Monteuren sorgt f\u00fcr eine reibungslose Demontage und Montage Ihrer K\u00fcche \u2013 ganz gleich, ob es sich um eine klassische Einbauk\u00fcche, eine individuell geplante K\u00fcche oder eine moderne K\u00fccheninsel handelt.<\/p><p class=\"\" data-start=\"577\" data-end=\"921\">Mit dem passenden Werkzeug und viel Know-how \u00fcbernehmen wir zuverl\u00e4ssig den K\u00fcchenabbau, den Aufbau am neuen Standort sowie das Anpassen an die Gegebenheiten vor Ort. Auch H\u00e4ngeschr\u00e4nke, Arbeitsplatten und Regale werden fachgerecht montiert \u2013 bei Bedarf k\u00fcmmern wir uns ebenfalls um kleine Anpassungsarbeiten rund um Anschl\u00fcsse oder Steckdosen.<\/p><p class=\"\" data-start=\"923\" data-end=\"972\"><strong data-start=\"923\" data-end=\"972\">Unsere K\u00fcchenmontage-Leistungen im \u00dcberblick:<\/strong><\/p><p class=\"\" data-start=\"1237\" data-end=\"1435\">Ob Sie umziehen, renovieren oder eine neue K\u00fcche geliefert bekommen \u2013 wir sind Ihr kompetenter Partner rund um K\u00fcchenmontage in D\u00fcren und Umgebung. <strong data-start=\"1385\" data-end=\"1435\">DN UMZ\u00dcGE \u2013 erfahren, schnell &amp; zuverl\u00e4ssig.<\/strong><\/p><p>\u00a0<\/p>\t\t\t\t\t\t\t\t<\/div>\n\t\t\t\t<\/div>\n\t\t\t\t<div class=\"elementor-element elementor-element-0aef8fa elementor-align-center elementor-invisible elementor-widget elementor-widget-button\" data-id=\"0aef8fa\" data-element_type=\"widget\" data-settings=\"{&quot;_animation&quot;:&quot;fadeInLeft&quot;}\" data-widget_type=\"button.default\">\n\t\t\t\t<div class=\"elementor-widget-container\">\n\t\t\t\t\t\t\t\t\t<div class=\"elementor-button-wrapper\">\n\t\t\t\t\t<a class=\"elementor-button elementor-button-link elementor-size-lg\" href=\"http:\/\/dn-umzuege.ui.xerbdev.online\/?page_id=365\">\n\t\t\t\t\t\t<span class=\"elementor-button-content-wrapper\">\n\t\t\t\t\t\t<span class=\"elementor-button-icon\">\n\t\t\t\t<svg aria-hidden=\"true\" class=\"e-font-icon-svg e-fas-arrow-circle-right\" viewBox=\"0 0 512 512\" xmlns=\"http:\/\/www.w3.org\/2000\/svg\"><path d=\"M256 8c137 0 248 111 248 248S393 504 256 504 8 393 8 256 119 8 256 8zm-28.9 143.6l75.5 72.4H120c-13.3 0-24 10.7-24 24v16c0 13.3 10.7 24 24 24h182.6l-75.5 72.4c-9.7 9.3-9.9 24.8-.4 34.3l11 10.9c9.4 9.4 24.6 9.4 33.9 0L404.3 273c9.4-9.4 9.4-24.6 0-33.9L271.6 106.3c-9.4-9.4-24.6-9.4-33.9 0l-11 10.9c-9.5 9.6-9.3 25.1.4 34.4z\"><\/path><\/svg>\t\t\t<\/span>\n\t\t\t\t\t\t\t\t\t<span class=\"elementor-button-text\">JETZT ANGEBOT ANFRAGEN<\/span>\n\t\t\t\t\t<\/span>\n\t\t\t\t\t<\/a>\n\t\t\t\t<\/div>\n\t\t\t\t\t\t\t\t<\/div>\n\t\t\t\t<\/div>\n\t\t\t\t<div class=\"elementor-element elementor-element-4dba833 elementor-widget elementor-widget-spacer\" data-id=\"4dba833\" data-element_type=\"widget\" data-widget_type=\"spacer.default\">\n\t\t\t\t<div class=\"elementor-widget-container\">\n\t\t\t\t\t\t\t<div class=\"elementor-spacer\">\n\t\t\t<div class=\"elementor-spacer-inner\"><\/div>\n\t\t<\/div>\n\t\t\t\t\t\t<\/div>\n\t\t\t\t<\/div>\n\t\t\t\t\t<\/div>\n\t\t<\/div>\n\t\t\t\t<div class=\"elementor-column elementor-col-50 elementor-top-column elementor-element elementor-element-645a37a8\" data-id=\"645a37a8\" data-element_type=\"column\" data-settings=\"{&quot;background_background&quot;:&quot;classic&quot;}\">\n\t\t\t<div class=\"elementor-widget-wrap\">\n\t\t\t\t\t\t\t<\/div>\n\t\t<\/div>\n\t\t\t\t\t<\/div>\n\t\t<\/section>\n\t\t\t\t<\/div>\n\t\t","protected":false},"excerpt":{"rendered":"<p>Aufbau \/ Abbau von K\u00fcchen Ein Umzug bringt genug Herausforderungen mit sich \u2013 \u00fcberlassen Sie den Auf- und Abbau Ihrer K\u00fcche den Profis von DN UMZ\u00dcGE in D\u00fcren. Unser erfahrenes Team aus geschulten Monteuren sorgt f\u00fcr eine reibungslose Demontage und Montage Ihrer K\u00fcche \u2013 ganz gleich, ob es sich um eine klassische Einbauk\u00fcche, eine individuell [&hellip;]<\/p>\n","protected":false},"author":1,"featured_media":0,"parent":0,"menu_order":0,"comment_status":"closed","ping_status":"closed","template":"elementor_header_footer","meta":{"footnotes":""},"class_list":["post-314","page","type-page","status-publish","hentry"],"_links":{"self":[{"href":"https:\/\/dn-umzuege.de\/index.php?rest_route=\/wp\/v2\/pages\/314","targetHints":{"allow":["GET"]}}],"collection":[{"href":"https:\/\/dn-umzuege.de\/index.php?rest_route=\/wp\/v2\/pages"}],"about":[{"href":"https:\/\/dn-umzuege.de\/index.php?rest_route=\/wp\/v2\/types\/page"}],"author":[{"embeddable":true,"href":"https:\/\/dn-umzuege.de\/index.php?rest_route=\/wp\/v2\/users\/1"}],"replies":[{"embeddable":true,"href":"https:\/\/dn-umzuege.de\/index.php?rest_route=%2Fwp%2Fv2%2Fcomments&post=314"}],"version-history":[{"count":7,"href":"https:\/\/dn-umzuege.de\/index.php?rest_route=\/wp\/v2\/pages\/314\/revisions"}],"predecessor-version":[{"id":428,"href":"https:\/\/dn-umzuege.de\/index.php?rest_route=\/wp\/v2\/pages\/314\/revisions\/428"}],"wp:attachment":[{"href":"https:\/\/dn-umzuege.de\/index.php?rest_route=%2Fwp%2Fv2%2Fmedia&parent=314"}],"curies":[{"name":"wp","href":"https:\/\/api.w.org\/{rel}","templated":true}]}}