{"id":320,"date":"2025-05-08T10:36:42","date_gmt":"2025-05-08T08:36:42","guid":{"rendered":"http:\/\/dn-umzuege.ui.xerbdev.online\/?page_id=320"},"modified":"2025-05-08T11:56:19","modified_gmt":"2025-05-08T09:56:19","slug":"haushaltsaufloesung","status":"publish","type":"page","link":"https:\/\/dn-umzuege.de\/?page_id=320","title":{"rendered":"Haushaltsaufl\u00f6sung"},"content":{"rendered":"\t\t<div data-elementor-type=\"wp-page\" data-elementor-id=\"320\" class=\"elementor elementor-320\">\n\t\t\t\t\t\t<section class=\"elementor-section elementor-top-section elementor-element elementor-element-4df64fc7 elementor-section-boxed elementor-section-height-default elementor-section-height-default\" data-id=\"4df64fc7\" data-element_type=\"section\">\n\t\t\t\t\t\t<div class=\"elementor-container elementor-column-gap-default\">\n\t\t\t\t\t<div class=\"elementor-column elementor-col-50 elementor-top-column elementor-element elementor-element-35b5e61\" data-id=\"35b5e61\" data-element_type=\"column\" data-settings=\"{&quot;background_background&quot;:&quot;classic&quot;}\">\n\t\t\t<div class=\"elementor-widget-wrap elementor-element-populated\">\n\t\t\t\t\t\t<div class=\"elementor-element elementor-element-8e55261 elementor-widget elementor-widget-heading\" data-id=\"8e55261\" data-element_type=\"widget\" data-widget_type=\"heading.default\">\n\t\t\t\t<div class=\"elementor-widget-container\">\n\t\t\t\t\t<h2 class=\"elementor-heading-title elementor-size-default\">Haushaltsaufl\u00f6sung<\/h2>\t\t\t\t<\/div>\n\t\t\t\t<\/div>\n\t\t\t\t<div class=\"elementor-element elementor-element-38030135 elementor-widget elementor-widget-text-editor\" data-id=\"38030135\" data-element_type=\"widget\" data-widget_type=\"text-editor.default\">\n\t\t\t\t<div class=\"elementor-widget-container\">\n\t\t\t\t\t\t\t\t\t<p><strong>Eine reibungslose und kosteng\u00fcnstige Haushaltsaufl\u00f6sung mit Ring Umz\u00fcge<\/strong><\/p><p>Bevor Sie eine Haushaltsaufl\u00f6sung angehen, sollten Sie sich nach einem renommierten und erfahrenen Partner umsehen. Nur so haben Sie die Sicherheit, dass alles schnell, wirtschaftlich und sauber erledigt wird. Daher ist der Entsorgungs-Fachbetrieb Ring Umz\u00fcge die richtige Wahl, wenn Sie Ihre Haushaltsaufl\u00f6sung g\u00fcnstig und problemlos durchf\u00fchren m\u00f6chten.<\/p><p><strong>Unser deutsches Unternehmen ist seit \u00fcber 10 Jahren auf alle Arbeiten rund um Entr\u00fcmpelungen und Haushaltsaufl\u00f6sungen spezialisiert.<\/strong><\/p><p>Nach einer kostenlosen Besichtigung erhalten Sie ein unverbindliches und transparentes Angebot mit Festpreisvereinbarung. Wir garantieren, dass keine versteckten Kosten oder Nachberechnungen auf Sie zukommen \u2013 sogar die Anfahrt innerhalb von NRW ist kostenlos. \u00dcberzeugen Sie sich von unserer unkomplizierten Abwicklung sowie der wirtschaftlichen Planung und Durchf\u00fchrung Ihrer Wohnungsaufl\u00f6sung oder Haushaltsaufl\u00f6sung.<\/p><p><strong>Professionelle und kosteng\u00fcnstige Haushaltsaufl\u00f6sung<\/strong><\/p><p>Nach der kostenlosen Besichtigung erstellen wir Ihnen ein unverbindliches Angebot zum Festpreis. Dieser Betrag ist transparent gestaltet und bleibt unver\u00e4ndert. Sie k\u00f6nnen sich darauf verlassen, dass keine versteckten Kosten oder Nachberechnungen auf Sie zukommen. Selbst die Anfahrt zu Ihrer Haushaltsaufl\u00f6sung ist kostenlos.<\/p>\t\t\t\t\t\t\t\t<\/div>\n\t\t\t\t<\/div>\n\t\t\t\t<div class=\"elementor-element elementor-element-0aef8fa elementor-align-center elementor-invisible elementor-widget elementor-widget-button\" data-id=\"0aef8fa\" data-element_type=\"widget\" data-settings=\"{&quot;_animation&quot;:&quot;fadeInLeft&quot;}\" data-widget_type=\"button.default\">\n\t\t\t\t<div class=\"elementor-widget-container\">\n\t\t\t\t\t\t\t\t\t<div class=\"elementor-button-wrapper\">\n\t\t\t\t\t<a class=\"elementor-button elementor-button-link elementor-size-lg\" href=\"http:\/\/dn-umzuege.ui.xerbdev.online\/?page_id=365\">\n\t\t\t\t\t\t<span class=\"elementor-button-content-wrapper\">\n\t\t\t\t\t\t<span class=\"elementor-button-icon\">\n\t\t\t\t<svg aria-hidden=\"true\" class=\"e-font-icon-svg e-fas-arrow-circle-right\" viewBox=\"0 0 512 512\" xmlns=\"http:\/\/www.w3.org\/2000\/svg\"><path d=\"M256 8c137 0 248 111 248 248S393 504 256 504 8 393 8 256 119 8 256 8zm-28.9 143.6l75.5 72.4H120c-13.3 0-24 10.7-24 24v16c0 13.3 10.7 24 24 24h182.6l-75.5 72.4c-9.7 9.3-9.9 24.8-.4 34.3l11 10.9c9.4 9.4 24.6 9.4 33.9 0L404.3 273c9.4-9.4 9.4-24.6 0-33.9L271.6 106.3c-9.4-9.4-24.6-9.4-33.9 0l-11 10.9c-9.5 9.6-9.3 25.1.4 34.4z\"><\/path><\/svg>\t\t\t<\/span>\n\t\t\t\t\t\t\t\t\t<span class=\"elementor-button-text\">JETZT ANGEBOT ANFRAGEN<\/span>\n\t\t\t\t\t<\/span>\n\t\t\t\t\t<\/a>\n\t\t\t\t<\/div>\n\t\t\t\t\t\t\t\t<\/div>\n\t\t\t\t<\/div>\n\t\t\t\t<div class=\"elementor-element elementor-element-4dba833 elementor-widget elementor-widget-spacer\" data-id=\"4dba833\" data-element_type=\"widget\" data-widget_type=\"spacer.default\">\n\t\t\t\t<div class=\"elementor-widget-container\">\n\t\t\t\t\t\t\t<div class=\"elementor-spacer\">\n\t\t\t<div class=\"elementor-spacer-inner\"><\/div>\n\t\t<\/div>\n\t\t\t\t\t\t<\/div>\n\t\t\t\t<\/div>\n\t\t\t\t\t<\/div>\n\t\t<\/div>\n\t\t\t\t<div class=\"elementor-column elementor-col-50 elementor-top-column elementor-element elementor-element-645a37a8\" data-id=\"645a37a8\" data-element_type=\"column\" data-settings=\"{&quot;background_background&quot;:&quot;classic&quot;}\">\n\t\t\t<div class=\"elementor-widget-wrap\">\n\t\t\t\t\t\t\t<\/div>\n\t\t<\/div>\n\t\t\t\t\t<\/div>\n\t\t<\/section>\n\t\t\t\t<\/div>\n\t\t","protected":false},"excerpt":{"rendered":"<p>Haushaltsaufl\u00f6sung Eine reibungslose und kosteng\u00fcnstige Haushaltsaufl\u00f6sung mit Ring Umz\u00fcge Bevor Sie eine Haushaltsaufl\u00f6sung angehen, sollten Sie sich nach einem renommierten und erfahrenen Partner umsehen. Nur so haben Sie die Sicherheit, dass alles schnell, wirtschaftlich und sauber erledigt wird. Daher ist der Entsorgungs-Fachbetrieb Ring Umz\u00fcge die richtige Wahl, wenn Sie Ihre Haushaltsaufl\u00f6sung g\u00fcnstig und problemlos durchf\u00fchren [&hellip;]<\/p>\n","protected":false},"author":1,"featured_media":0,"parent":0,"menu_order":0,"comment_status":"closed","ping_status":"closed","template":"elementor_header_footer","meta":{"footnotes":""},"class_list":["post-320","page","type-page","status-publish","hentry"],"_links":{"self":[{"href":"https:\/\/dn-umzuege.de\/index.php?rest_route=\/wp\/v2\/pages\/320","targetHints":{"allow":["GET"]}}],"collection":[{"href":"https:\/\/dn-umzuege.de\/index.php?rest_route=\/wp\/v2\/pages"}],"about":[{"href":"https:\/\/dn-umzuege.de\/index.php?rest_route=\/wp\/v2\/types\/page"}],"author":[{"embeddable":true,"href":"https:\/\/dn-umzuege.de\/index.php?rest_route=\/wp\/v2\/users\/1"}],"replies":[{"embeddable":true,"href":"https:\/\/dn-umzuege.de\/index.php?rest_route=%2Fwp%2Fv2%2Fcomments&post=320"}],"version-history":[{"count":13,"href":"https:\/\/dn-umzuege.de\/index.php?rest_route=\/wp\/v2\/pages\/320\/revisions"}],"predecessor-version":[{"id":416,"href":"https:\/\/dn-umzuege.de\/index.php?rest_route=\/wp\/v2\/pages\/320\/revisions\/416"}],"wp:attachment":[{"href":"https:\/\/dn-umzuege.de\/index.php?rest_route=%2Fwp%2Fv2%2Fmedia&parent=320"}],"curies":[{"name":"wp","href":"https:\/\/api.w.org\/{rel}","templated":true}]}}