{"id":341,"date":"2025-05-08T10:42:55","date_gmt":"2025-05-08T08:42:55","guid":{"rendered":"http:\/\/dn-umzuege.ui.xerbdev.online\/?page_id=341"},"modified":"2025-05-08T11:55:58","modified_gmt":"2025-05-08T09:55:58","slug":"privatumzug","status":"publish","type":"page","link":"https:\/\/dn-umzuege.de\/?page_id=341","title":{"rendered":"Privatumzug"},"content":{"rendered":"\t\t<div data-elementor-type=\"wp-page\" data-elementor-id=\"341\" class=\"elementor elementor-341\">\n\t\t\t\t\t\t<section class=\"elementor-section elementor-top-section elementor-element elementor-element-4df64fc7 elementor-section-boxed elementor-section-height-default elementor-section-height-default\" data-id=\"4df64fc7\" data-element_type=\"section\">\n\t\t\t\t\t\t<div class=\"elementor-container elementor-column-gap-default\">\n\t\t\t\t\t<div class=\"elementor-column elementor-col-50 elementor-top-column elementor-element elementor-element-35b5e61\" data-id=\"35b5e61\" data-element_type=\"column\" data-settings=\"{&quot;background_background&quot;:&quot;classic&quot;}\">\n\t\t\t<div class=\"elementor-widget-wrap elementor-element-populated\">\n\t\t\t\t\t\t<div class=\"elementor-element elementor-element-8e55261 elementor-widget elementor-widget-heading\" data-id=\"8e55261\" data-element_type=\"widget\" data-widget_type=\"heading.default\">\n\t\t\t\t<div class=\"elementor-widget-container\">\n\t\t\t\t\t<h2 class=\"elementor-heading-title elementor-size-default\">Privatumzug<\/h2>\t\t\t\t<\/div>\n\t\t\t\t<\/div>\n\t\t\t\t<div class=\"elementor-element elementor-element-38030135 elementor-widget elementor-widget-text-editor\" data-id=\"38030135\" data-element_type=\"widget\" data-widget_type=\"text-editor.default\">\n\t\t\t\t<div class=\"elementor-widget-container\">\n\t\t\t\t\t\t\t\t\t<p><strong>Privatumzug und Transportdienstleistungen<\/strong><\/p><p>Wenn Sie einen privaten Umzug planen und nach einem Umzugsunternehmen in K\u00f6ln und Umgebung suchen, sind Sie bei Ring-Umz\u00fcge K\u00f6ln an der richtigen Adresse. Unser Team erfahrener Umzugsprofis freut sich darauf, Ihren Privatumzug zu \u00fcbernehmen. Wir transportieren Ihre Umzugsg\u00fcter in robusten Umzugskartons oder verwenden hochwertige Kleiderboxen. Dabei legen wir gro\u00dfen Wert darauf, Ihre M\u00f6bel mit M\u00f6beldecken und Stretchfolien sorgf\u00e4ltig zu sch\u00fctzen. Als Umzugsunternehmen mit einer G\u00fcterverkehrslizenz f\u00fchren wir auch deutschlandweite Umz\u00fcge mit unserem eigenen Fuhrpark (Transporter, LKWs usw.) durch. Ganz gleich, ob es sich um einen kleinen oder gro\u00dfen Umzug handelt, wir sind der richtige Ansprechpartner f\u00fcr Sie.<\/p><p><strong>Einpack- und Auspackservice<\/strong><\/p><p>Die Umzugsprofis vom Ring-Team verpacken all Ihre Umzugsg\u00fcter \u00e4u\u00dferst sorgf\u00e4ltig und mit gro\u00dfer Vorsicht. Ob Glas, Porzellan oder Antiquit\u00e4ten, wir verpacken Ihr Hab und Gut, damit es sicher in Ihrem neuen Zuhause ankommt. Auf Wunsch k\u00f6nnen wir die verpackten Umzugsg\u00fcter auch gerne wieder auspacken und nach Ihren Anweisungen einr\u00e4umen. Z\u00f6gern Sie nicht, uns direkt darauf anzusprechen. Wenn Sie uns das Einpacken \u00fcberlassen, ist auch ein m\u00f6glicher Schaden an Geschirr, Gl\u00e4sern oder anderen wertvollen Gegenst\u00e4nden versichert.<\/p><p><strong>M\u00f6belmontage und -demontage<\/strong><\/p><p>Unsere erfahrenen Handwerker bauen Ihre M\u00f6bel schnell und professionell ab, verpacken sie sicher und transportieren sie zur neuen Adresse. Wenn Sie sich f\u00fcr unseren Fullservice-Montageservice entscheiden, bauen wir Ihre M\u00f6bel auch gerne wieder f\u00fcr Sie auf. Dabei korrigieren wir auch eventuelle Fehler, die beim ersten Aufbau passiert sind (z. B. fehlerhaft montierte T\u00fcren usw.). Wenn Sie uns die M\u00f6belmontage oder K\u00fcchenmontage \u00fcberlassen, k\u00f6nnen Sie sicher sein, dass alles genau so passt, wie geplant.<\/p>\t\t\t\t\t\t\t\t<\/div>\n\t\t\t\t<\/div>\n\t\t\t\t<div class=\"elementor-element elementor-element-0aef8fa elementor-align-center elementor-invisible elementor-widget elementor-widget-button\" data-id=\"0aef8fa\" data-element_type=\"widget\" data-settings=\"{&quot;_animation&quot;:&quot;fadeInLeft&quot;}\" data-widget_type=\"button.default\">\n\t\t\t\t<div class=\"elementor-widget-container\">\n\t\t\t\t\t\t\t\t\t<div class=\"elementor-button-wrapper\">\n\t\t\t\t\t<a class=\"elementor-button elementor-button-link elementor-size-lg\" href=\"http:\/\/dn-umzuege.ui.xerbdev.online\/?page_id=365\">\n\t\t\t\t\t\t<span class=\"elementor-button-content-wrapper\">\n\t\t\t\t\t\t<span class=\"elementor-button-icon\">\n\t\t\t\t<svg aria-hidden=\"true\" class=\"e-font-icon-svg e-fas-arrow-circle-right\" viewBox=\"0 0 512 512\" xmlns=\"http:\/\/www.w3.org\/2000\/svg\"><path d=\"M256 8c137 0 248 111 248 248S393 504 256 504 8 393 8 256 119 8 256 8zm-28.9 143.6l75.5 72.4H120c-13.3 0-24 10.7-24 24v16c0 13.3 10.7 24 24 24h182.6l-75.5 72.4c-9.7 9.3-9.9 24.8-.4 34.3l11 10.9c9.4 9.4 24.6 9.4 33.9 0L404.3 273c9.4-9.4 9.4-24.6 0-33.9L271.6 106.3c-9.4-9.4-24.6-9.4-33.9 0l-11 10.9c-9.5 9.6-9.3 25.1.4 34.4z\"><\/path><\/svg>\t\t\t<\/span>\n\t\t\t\t\t\t\t\t\t<span class=\"elementor-button-text\">JETZT ANGEBOT ANFRAGEN<\/span>\n\t\t\t\t\t<\/span>\n\t\t\t\t\t<\/a>\n\t\t\t\t<\/div>\n\t\t\t\t\t\t\t\t<\/div>\n\t\t\t\t<\/div>\n\t\t\t\t<div class=\"elementor-element elementor-element-4dba833 elementor-widget elementor-widget-spacer\" data-id=\"4dba833\" data-element_type=\"widget\" data-widget_type=\"spacer.default\">\n\t\t\t\t<div class=\"elementor-widget-container\">\n\t\t\t\t\t\t\t<div class=\"elementor-spacer\">\n\t\t\t<div class=\"elementor-spacer-inner\"><\/div>\n\t\t<\/div>\n\t\t\t\t\t\t<\/div>\n\t\t\t\t<\/div>\n\t\t\t\t\t<\/div>\n\t\t<\/div>\n\t\t\t\t<div class=\"elementor-column elementor-col-50 elementor-top-column elementor-element elementor-element-645a37a8\" data-id=\"645a37a8\" data-element_type=\"column\" data-settings=\"{&quot;background_background&quot;:&quot;classic&quot;}\">\n\t\t\t<div class=\"elementor-widget-wrap\">\n\t\t\t\t\t\t\t<\/div>\n\t\t<\/div>\n\t\t\t\t\t<\/div>\n\t\t<\/section>\n\t\t\t\t<\/div>\n\t\t","protected":false},"excerpt":{"rendered":"<p>Privatumzug Privatumzug und Transportdienstleistungen Wenn Sie einen privaten Umzug planen und nach einem Umzugsunternehmen in K\u00f6ln und Umgebung suchen, sind Sie bei Ring-Umz\u00fcge K\u00f6ln an der richtigen Adresse. Unser Team erfahrener Umzugsprofis freut sich darauf, Ihren Privatumzug zu \u00fcbernehmen. Wir transportieren Ihre Umzugsg\u00fcter in robusten Umzugskartons oder verwenden hochwertige Kleiderboxen. Dabei legen wir gro\u00dfen Wert [&hellip;]<\/p>\n","protected":false},"author":1,"featured_media":0,"parent":0,"menu_order":0,"comment_status":"closed","ping_status":"closed","template":"elementor_header_footer","meta":{"footnotes":""},"class_list":["post-341","page","type-page","status-publish","hentry"],"_links":{"self":[{"href":"https:\/\/dn-umzuege.de\/index.php?rest_route=\/wp\/v2\/pages\/341","targetHints":{"allow":["GET"]}}],"collection":[{"href":"https:\/\/dn-umzuege.de\/index.php?rest_route=\/wp\/v2\/pages"}],"about":[{"href":"https:\/\/dn-umzuege.de\/index.php?rest_route=\/wp\/v2\/types\/page"}],"author":[{"embeddable":true,"href":"https:\/\/dn-umzuege.de\/index.php?rest_route=\/wp\/v2\/users\/1"}],"replies":[{"embeddable":true,"href":"https:\/\/dn-umzuege.de\/index.php?rest_route=%2Fwp%2Fv2%2Fcomments&post=341"}],"version-history":[{"count":7,"href":"https:\/\/dn-umzuege.de\/index.php?rest_route=\/wp\/v2\/pages\/341\/revisions"}],"predecessor-version":[{"id":410,"href":"https:\/\/dn-umzuege.de\/index.php?rest_route=\/wp\/v2\/pages\/341\/revisions\/410"}],"wp:attachment":[{"href":"https:\/\/dn-umzuege.de\/index.php?rest_route=%2Fwp%2Fv2%2Fmedia&parent=341"}],"curies":[{"name":"wp","href":"https:\/\/api.w.org\/{rel}","templated":true}]}}