{"id":347,"date":"2025-05-08T10:45:02","date_gmt":"2025-05-08T08:45:02","guid":{"rendered":"http:\/\/dn-umzuege.ui.xerbdev.online\/?page_id=347"},"modified":"2025-05-08T11:56:29","modified_gmt":"2025-05-08T09:56:29","slug":"firmenumzug-bueroumzug","status":"publish","type":"page","link":"https:\/\/dn-umzuege.de\/?page_id=347","title":{"rendered":"Firmenumzug \/ B\u00fcroumzug"},"content":{"rendered":"\t\t<div data-elementor-type=\"wp-page\" data-elementor-id=\"347\" class=\"elementor elementor-347\">\n\t\t\t\t\t\t<section class=\"elementor-section elementor-top-section elementor-element elementor-element-4df64fc7 elementor-section-boxed elementor-section-height-default elementor-section-height-default\" data-id=\"4df64fc7\" data-element_type=\"section\">\n\t\t\t\t\t\t<div class=\"elementor-container elementor-column-gap-default\">\n\t\t\t\t\t<div class=\"elementor-column elementor-col-50 elementor-top-column elementor-element elementor-element-35b5e61\" data-id=\"35b5e61\" data-element_type=\"column\" data-settings=\"{&quot;background_background&quot;:&quot;classic&quot;}\">\n\t\t\t<div class=\"elementor-widget-wrap elementor-element-populated\">\n\t\t\t\t\t\t<div class=\"elementor-element elementor-element-8e55261 elementor-widget elementor-widget-heading\" data-id=\"8e55261\" data-element_type=\"widget\" data-widget_type=\"heading.default\">\n\t\t\t\t<div class=\"elementor-widget-container\">\n\t\t\t\t\t<h2 class=\"elementor-heading-title elementor-size-default\">Firmenumzug \/ B\u00fcroumzug<\/h2>\t\t\t\t<\/div>\n\t\t\t\t<\/div>\n\t\t\t\t<div class=\"elementor-element elementor-element-38030135 elementor-widget elementor-widget-text-editor\" data-id=\"38030135\" data-element_type=\"widget\" data-widget_type=\"text-editor.default\">\n\t\t\t\t<div class=\"elementor-widget-container\">\n\t\t\t\t\t\t\t\t\t<p><strong>B\u00fcroumzug und Transportservice<\/strong><\/p><p>Steht Ihnen ein B\u00fcroumzug bevor, bei dem alte und neue B\u00fcrom\u00f6bel zum neuen Firmensitz transportiert werden m\u00fcssen? Damit dieser reibungslos verl\u00e4uft, arbeiten wir von Ring-Umz\u00fcge mit geeignetem Verpackungsmaterial und speziellen Polsterelementen, um Ihre B\u00fcrom\u00f6bel zu sch\u00fctzen.<\/p><p>Auf Wunsch stellen wir Ihnen auch spezielle Umzugskartons oder B\u00fccherkartons zur Verf\u00fcgung, die Ihren individuellen Anforderungen entsprechen. Selbstverst\u00e4ndlich k\u00fcmmern wir uns auch um die fachgerechte Montage aller demontierten B\u00fcrom\u00f6bel.<\/p><p><strong>Einlagerungsservice<\/strong><\/p><p>Falls Sie Ihre B\u00fcrom\u00f6bel f\u00fcr einen bestimmten Zeitraum einlagern m\u00fcssen, k\u00f6nnen Sie sich gerne an uns bez\u00fcglich unseres Einlagerungsservices wenden.<\/p><p>Gut geplante B\u00fcroumz\u00fcge Bei uns wird Ihr B\u00fcroumzug wie ein Projekt behandelt und entsprechend organisiert und vorbereitet. Dadurch stellen wir sicher, dass alle Umzugsg\u00fcter an ihrem richtigen Platz in Ihrem neuen B\u00fcro landen. Auf Wunsch \u00fcbernehmen wir auch die Installation Ihrer Computer, Bildschirme, Drucker und Telefone.<\/p><p>F\u00fcr jeden Firmenumzug stellen wir einen Vorarbeiter\/Projektleiter zur Verf\u00fcgung, der Ihnen als kompetenter Ansprechpartner zur Seite steht. Dieser begleitet Ihren Umzug und koordiniert Fragen oder zus\u00e4tzliche Anforderungen.<\/p><p><strong>Einpackservice<\/strong><\/p><p>Beim B\u00fcroumzug stellt sich oft die Frage, wer f\u00fcr das Einpacken von Ordnern und Personalakten verantwortlich ist. Wichtige Dokumente, empfindliche Elektroger\u00e4te oder zerbrechliches Glas- und Porzellaninventar verdienen eine sichere Verpackung, sorgf\u00e4ltige Behandlung und einen gesch\u00fctzten Transport. Falls Sie keine Zeit oder Lust dazu haben, \u00fcbernehmen wir gerne auch den Einpackservice f\u00fcr Ihre Ordner und B\u00fccher.<\/p>\t\t\t\t\t\t\t\t<\/div>\n\t\t\t\t<\/div>\n\t\t\t\t<div class=\"elementor-element elementor-element-0aef8fa elementor-align-center elementor-invisible elementor-widget elementor-widget-button\" data-id=\"0aef8fa\" data-element_type=\"widget\" data-settings=\"{&quot;_animation&quot;:&quot;fadeInLeft&quot;}\" data-widget_type=\"button.default\">\n\t\t\t\t<div class=\"elementor-widget-container\">\n\t\t\t\t\t\t\t\t\t<div class=\"elementor-button-wrapper\">\n\t\t\t\t\t<a class=\"elementor-button elementor-button-link elementor-size-lg\" href=\"http:\/\/dn-umzuege.ui.xerbdev.online\/?page_id=365\">\n\t\t\t\t\t\t<span class=\"elementor-button-content-wrapper\">\n\t\t\t\t\t\t<span class=\"elementor-button-icon\">\n\t\t\t\t<svg aria-hidden=\"true\" class=\"e-font-icon-svg e-fas-arrow-circle-right\" viewBox=\"0 0 512 512\" xmlns=\"http:\/\/www.w3.org\/2000\/svg\"><path d=\"M256 8c137 0 248 111 248 248S393 504 256 504 8 393 8 256 119 8 256 8zm-28.9 143.6l75.5 72.4H120c-13.3 0-24 10.7-24 24v16c0 13.3 10.7 24 24 24h182.6l-75.5 72.4c-9.7 9.3-9.9 24.8-.4 34.3l11 10.9c9.4 9.4 24.6 9.4 33.9 0L404.3 273c9.4-9.4 9.4-24.6 0-33.9L271.6 106.3c-9.4-9.4-24.6-9.4-33.9 0l-11 10.9c-9.5 9.6-9.3 25.1.4 34.4z\"><\/path><\/svg>\t\t\t<\/span>\n\t\t\t\t\t\t\t\t\t<span class=\"elementor-button-text\">JETZT ANGEBOT ANFRAGEN<\/span>\n\t\t\t\t\t<\/span>\n\t\t\t\t\t<\/a>\n\t\t\t\t<\/div>\n\t\t\t\t\t\t\t\t<\/div>\n\t\t\t\t<\/div>\n\t\t\t\t<div class=\"elementor-element elementor-element-4dba833 elementor-widget elementor-widget-spacer\" data-id=\"4dba833\" data-element_type=\"widget\" data-widget_type=\"spacer.default\">\n\t\t\t\t<div class=\"elementor-widget-container\">\n\t\t\t\t\t\t\t<div class=\"elementor-spacer\">\n\t\t\t<div class=\"elementor-spacer-inner\"><\/div>\n\t\t<\/div>\n\t\t\t\t\t\t<\/div>\n\t\t\t\t<\/div>\n\t\t\t\t\t<\/div>\n\t\t<\/div>\n\t\t\t\t<div class=\"elementor-column elementor-col-50 elementor-top-column elementor-element elementor-element-645a37a8\" data-id=\"645a37a8\" data-element_type=\"column\" data-settings=\"{&quot;background_background&quot;:&quot;classic&quot;}\">\n\t\t\t<div class=\"elementor-widget-wrap\">\n\t\t\t\t\t\t\t<\/div>\n\t\t<\/div>\n\t\t\t\t\t<\/div>\n\t\t<\/section>\n\t\t\t\t<\/div>\n\t\t","protected":false},"excerpt":{"rendered":"<p>Firmenumzug \/ B\u00fcroumzug B\u00fcroumzug und Transportservice Steht Ihnen ein B\u00fcroumzug bevor, bei dem alte und neue B\u00fcrom\u00f6bel zum neuen Firmensitz transportiert werden m\u00fcssen? Damit dieser reibungslos verl\u00e4uft, arbeiten wir von Ring-Umz\u00fcge mit geeignetem Verpackungsmaterial und speziellen Polsterelementen, um Ihre B\u00fcrom\u00f6bel zu sch\u00fctzen. Auf Wunsch stellen wir Ihnen auch spezielle Umzugskartons oder B\u00fccherkartons zur Verf\u00fcgung, die [&hellip;]<\/p>\n","protected":false},"author":1,"featured_media":0,"parent":0,"menu_order":0,"comment_status":"closed","ping_status":"closed","template":"elementor_header_footer","meta":{"footnotes":""},"class_list":["post-347","page","type-page","status-publish","hentry"],"_links":{"self":[{"href":"https:\/\/dn-umzuege.de\/index.php?rest_route=\/wp\/v2\/pages\/347","targetHints":{"allow":["GET"]}}],"collection":[{"href":"https:\/\/dn-umzuege.de\/index.php?rest_route=\/wp\/v2\/pages"}],"about":[{"href":"https:\/\/dn-umzuege.de\/index.php?rest_route=\/wp\/v2\/types\/page"}],"author":[{"embeddable":true,"href":"https:\/\/dn-umzuege.de\/index.php?rest_route=\/wp\/v2\/users\/1"}],"replies":[{"embeddable":true,"href":"https:\/\/dn-umzuege.de\/index.php?rest_route=%2Fwp%2Fv2%2Fcomments&post=347"}],"version-history":[{"count":7,"href":"https:\/\/dn-umzuege.de\/index.php?rest_route=\/wp\/v2\/pages\/347\/revisions"}],"predecessor-version":[{"id":419,"href":"https:\/\/dn-umzuege.de\/index.php?rest_route=\/wp\/v2\/pages\/347\/revisions\/419"}],"wp:attachment":[{"href":"https:\/\/dn-umzuege.de\/index.php?rest_route=%2Fwp%2Fv2%2Fmedia&parent=347"}],"curies":[{"name":"wp","href":"https:\/\/api.w.org\/{rel}","templated":true}]}}