{"id":353,"date":"2025-05-08T10:46:40","date_gmt":"2025-05-08T08:46:40","guid":{"rendered":"http:\/\/dn-umzuege.ui.xerbdev.online\/?page_id=353"},"modified":"2025-05-08T11:55:46","modified_gmt":"2025-05-08T09:55:46","slug":"seniorenumzuege","status":"publish","type":"page","link":"https:\/\/dn-umzuege.de\/?page_id=353","title":{"rendered":"Seniorenumz\u00fcge"},"content":{"rendered":"\t\t<div data-elementor-type=\"wp-page\" data-elementor-id=\"353\" class=\"elementor elementor-353\">\n\t\t\t\t\t\t<section class=\"elementor-section elementor-top-section elementor-element elementor-element-4df64fc7 elementor-section-boxed elementor-section-height-default elementor-section-height-default\" data-id=\"4df64fc7\" data-element_type=\"section\">\n\t\t\t\t\t\t<div class=\"elementor-container elementor-column-gap-default\">\n\t\t\t\t\t<div class=\"elementor-column elementor-col-50 elementor-top-column elementor-element elementor-element-35b5e61\" data-id=\"35b5e61\" data-element_type=\"column\" data-settings=\"{&quot;background_background&quot;:&quot;classic&quot;}\">\n\t\t\t<div class=\"elementor-widget-wrap elementor-element-populated\">\n\t\t\t\t\t\t<div class=\"elementor-element elementor-element-8e55261 elementor-widget elementor-widget-heading\" data-id=\"8e55261\" data-element_type=\"widget\" data-widget_type=\"heading.default\">\n\t\t\t\t<div class=\"elementor-widget-container\">\n\t\t\t\t\t<h2 class=\"elementor-heading-title elementor-size-default\">Seniorenumz\u00fcge<\/h2>\t\t\t\t<\/div>\n\t\t\t\t<\/div>\n\t\t\t\t<div class=\"elementor-element elementor-element-38030135 elementor-widget elementor-widget-text-editor\" data-id=\"38030135\" data-element_type=\"widget\" data-widget_type=\"text-editor.default\">\n\t\t\t\t<div class=\"elementor-widget-container\">\n\t\t\t\t\t\t\t\t\t<p>Wir haben uns auf Seniorenumz\u00fcge spezialisiert und wissen, dass dieser Lebensabschnitt besondere Anforderungen und Bed\u00fcrfnisse mit sich bringt. Unser Team ist sensibilisiert f\u00fcr die Herausforderungen, die \u00e4ltere Menschen beim Umzug erleben k\u00f6nnen, und wir setzen alles daran, den gesamten Prozess so angenehm und stressfrei wie m\u00f6glich zu gestalten.<\/p><p>Unsere umfangreiche Erfahrung erm\u00f6glicht es uns, individuell auf Ihre speziellen Anforderungen einzugehen. Wir nehmen uns die Zeit, um Ihre W\u00fcnsche und Bedenken zu verstehen und einen ma\u00dfgeschneiderten Umzugsplan zu erstellen. Dabei k\u00f6nnen wir Ihnen bei allen Schritten behilflich sein, angefangen bei der Planung und Organisation bis hin zur Durchf\u00fchrung des Umzugs.<\/p><p>Unser geschultes Personal ist nicht nur professionell, sondern auch einf\u00fchlsam und geduldig. Wir wissen, dass ein Seniorenumzug oft auch emotionale Herausforderungen mit sich bringt, sei es der Abschied vom bisherigen Zuhause oder die Eingew\u00f6hnung in eine neue Umgebung. Daher stehen wir Ihnen nicht nur als Umzugsunternehmen zur Seite, sondern auch als unterst\u00fctzende Begleitung w\u00e4hrend des gesamten Umzugsprozesses.<\/p><p>Unser Leistungsspektrum umfasst nicht nur den reinen Transport Ihrer M\u00f6bel und Habseligkeiten, sondern auch zus\u00e4tzliche Services wie das Verpacken und Auspacken Ihres Umzugsguts, die Montage von M\u00f6beln, die Organisation von Handwerkern und vieles mehr. Wir k\u00fcmmern uns um jeden Aspekt Ihres Umzugs, damit Sie sich voll und ganz auf den Neuanfang konzentrieren k\u00f6nnen.<\/p><p>Mit uns an Ihrer Seite k\u00f6nnen Sie sicher sein, dass Sie in erfahrenen und zuverl\u00e4ssigen H\u00e4nden sind. Wir arbeiten mit gr\u00f6\u00dften Sorgfalt und achten darauf, dass all Ihre Besitzt\u00fcmer sicher und unversehrt am Zielort ankommen. Ihre Zufriedenheit liegt uns am Herzen, und wir setzen alles daran, Ihren Seniorenumzug zu einem positiven und gelungenen Ereignis zu machen.<\/p>\t\t\t\t\t\t\t\t<\/div>\n\t\t\t\t<\/div>\n\t\t\t\t<div class=\"elementor-element elementor-element-0aef8fa elementor-align-center elementor-invisible elementor-widget elementor-widget-button\" data-id=\"0aef8fa\" data-element_type=\"widget\" data-settings=\"{&quot;_animation&quot;:&quot;fadeInLeft&quot;}\" data-widget_type=\"button.default\">\n\t\t\t\t<div class=\"elementor-widget-container\">\n\t\t\t\t\t\t\t\t\t<div class=\"elementor-button-wrapper\">\n\t\t\t\t\t<a class=\"elementor-button elementor-button-link elementor-size-lg\" href=\"http:\/\/dn-umzuege.ui.xerbdev.online\/?page_id=365\">\n\t\t\t\t\t\t<span class=\"elementor-button-content-wrapper\">\n\t\t\t\t\t\t<span class=\"elementor-button-icon\">\n\t\t\t\t<svg aria-hidden=\"true\" class=\"e-font-icon-svg e-fas-arrow-circle-right\" viewBox=\"0 0 512 512\" xmlns=\"http:\/\/www.w3.org\/2000\/svg\"><path d=\"M256 8c137 0 248 111 248 248S393 504 256 504 8 393 8 256 119 8 256 8zm-28.9 143.6l75.5 72.4H120c-13.3 0-24 10.7-24 24v16c0 13.3 10.7 24 24 24h182.6l-75.5 72.4c-9.7 9.3-9.9 24.8-.4 34.3l11 10.9c9.4 9.4 24.6 9.4 33.9 0L404.3 273c9.4-9.4 9.4-24.6 0-33.9L271.6 106.3c-9.4-9.4-24.6-9.4-33.9 0l-11 10.9c-9.5 9.6-9.3 25.1.4 34.4z\"><\/path><\/svg>\t\t\t<\/span>\n\t\t\t\t\t\t\t\t\t<span class=\"elementor-button-text\">JETZT ANGEBOT ANFRAGEN<\/span>\n\t\t\t\t\t<\/span>\n\t\t\t\t\t<\/a>\n\t\t\t\t<\/div>\n\t\t\t\t\t\t\t\t<\/div>\n\t\t\t\t<\/div>\n\t\t\t\t<div class=\"elementor-element elementor-element-4dba833 elementor-widget elementor-widget-spacer\" data-id=\"4dba833\" data-element_type=\"widget\" data-widget_type=\"spacer.default\">\n\t\t\t\t<div class=\"elementor-widget-container\">\n\t\t\t\t\t\t\t<div class=\"elementor-spacer\">\n\t\t\t<div class=\"elementor-spacer-inner\"><\/div>\n\t\t<\/div>\n\t\t\t\t\t\t<\/div>\n\t\t\t\t<\/div>\n\t\t\t\t\t<\/div>\n\t\t<\/div>\n\t\t\t\t<div class=\"elementor-column elementor-col-50 elementor-top-column elementor-element elementor-element-645a37a8\" data-id=\"645a37a8\" data-element_type=\"column\" data-settings=\"{&quot;background_background&quot;:&quot;classic&quot;}\">\n\t\t\t<div class=\"elementor-widget-wrap\">\n\t\t\t\t\t\t\t<\/div>\n\t\t<\/div>\n\t\t\t\t\t<\/div>\n\t\t<\/section>\n\t\t\t\t<\/div>\n\t\t","protected":false},"excerpt":{"rendered":"<p>Seniorenumz\u00fcge Wir haben uns auf Seniorenumz\u00fcge spezialisiert und wissen, dass dieser Lebensabschnitt besondere Anforderungen und Bed\u00fcrfnisse mit sich bringt. Unser Team ist sensibilisiert f\u00fcr die Herausforderungen, die \u00e4ltere Menschen beim Umzug erleben k\u00f6nnen, und wir setzen alles daran, den gesamten Prozess so angenehm und stressfrei wie m\u00f6glich zu gestalten. Unsere umfangreiche Erfahrung erm\u00f6glicht es uns, [&hellip;]<\/p>\n","protected":false},"author":1,"featured_media":0,"parent":0,"menu_order":0,"comment_status":"closed","ping_status":"closed","template":"elementor_header_footer","meta":{"footnotes":""},"class_list":["post-353","page","type-page","status-publish","hentry"],"_links":{"self":[{"href":"https:\/\/dn-umzuege.de\/index.php?rest_route=\/wp\/v2\/pages\/353","targetHints":{"allow":["GET"]}}],"collection":[{"href":"https:\/\/dn-umzuege.de\/index.php?rest_route=\/wp\/v2\/pages"}],"about":[{"href":"https:\/\/dn-umzuege.de\/index.php?rest_route=\/wp\/v2\/types\/page"}],"author":[{"embeddable":true,"href":"https:\/\/dn-umzuege.de\/index.php?rest_route=\/wp\/v2\/users\/1"}],"replies":[{"embeddable":true,"href":"https:\/\/dn-umzuege.de\/index.php?rest_route=%2Fwp%2Fv2%2Fcomments&post=353"}],"version-history":[{"count":7,"href":"https:\/\/dn-umzuege.de\/index.php?rest_route=\/wp\/v2\/pages\/353\/revisions"}],"predecessor-version":[{"id":407,"href":"https:\/\/dn-umzuege.de\/index.php?rest_route=\/wp\/v2\/pages\/353\/revisions\/407"}],"wp:attachment":[{"href":"https:\/\/dn-umzuege.de\/index.php?rest_route=%2Fwp%2Fv2%2Fmedia&parent=353"}],"curies":[{"name":"wp","href":"https:\/\/api.w.org\/{rel}","templated":true}]}}