{"id":359,"date":"2025-05-08T10:48:50","date_gmt":"2025-05-08T08:48:50","guid":{"rendered":"http:\/\/dn-umzuege.ui.xerbdev.online\/?page_id=359"},"modified":"2025-05-08T11:56:51","modified_gmt":"2025-05-08T09:56:51","slug":"einlagerung","status":"publish","type":"page","link":"https:\/\/dn-umzuege.de\/?page_id=359","title":{"rendered":"Einlagerung"},"content":{"rendered":"\t\t<div data-elementor-type=\"wp-page\" data-elementor-id=\"359\" class=\"elementor elementor-359\">\n\t\t\t\t\t\t<section class=\"elementor-section elementor-top-section elementor-element elementor-element-4df64fc7 elementor-section-boxed elementor-section-height-default elementor-section-height-default\" data-id=\"4df64fc7\" data-element_type=\"section\">\n\t\t\t\t\t\t<div class=\"elementor-container elementor-column-gap-default\">\n\t\t\t\t\t<div class=\"elementor-column elementor-col-50 elementor-top-column elementor-element elementor-element-35b5e61\" data-id=\"35b5e61\" data-element_type=\"column\" data-settings=\"{&quot;background_background&quot;:&quot;classic&quot;}\">\n\t\t\t<div class=\"elementor-widget-wrap elementor-element-populated\">\n\t\t\t\t\t\t<div class=\"elementor-element elementor-element-8e55261 elementor-widget elementor-widget-heading\" data-id=\"8e55261\" data-element_type=\"widget\" data-widget_type=\"heading.default\">\n\t\t\t\t<div class=\"elementor-widget-container\">\n\t\t\t\t\t<h2 class=\"elementor-heading-title elementor-size-default\">Einlagerung von M\u00f6beln beim Umzug<\/h2>\t\t\t\t<\/div>\n\t\t\t\t<\/div>\n\t\t\t\t<div class=\"elementor-element elementor-element-38030135 elementor-widget elementor-widget-text-editor\" data-id=\"38030135\" data-element_type=\"widget\" data-widget_type=\"text-editor.default\">\n\t\t\t\t<div class=\"elementor-widget-container\">\n\t\t\t\t\t\t\t\t\t<p>Bei einem Umzug in D\u00fcren, K\u00f6ln, Aachen, J\u00fclich, D\u00fcsseldorf und Umgebung bieten wir Ihnen L\u00f6sungen f\u00fcr Ihre Platzprobleme. Ring Umz\u00fcge bietet verschiedene M\u00f6glichkeiten zur M\u00f6beleinlagerung. Sie brauchen sich keine Gedanken \u00fcber Sicherheitsstandards, beheizbare Lagerfl\u00e4chen oder die Gr\u00f6\u00dfe der Lager machen \u2013 wir haben die passende L\u00f6sung f\u00fcr Sie! Egal, ob Sie Ihren gesamten Hausrat, B\u00fcrom\u00f6bel oder kurzfristig Ihre Umzugsg\u00fcter einlagern m\u00f6chten, wir haben das richtige Angebot f\u00fcr Sie. Platzprobleme sollten der Vergangenheit angeh\u00f6ren. Rufen Sie uns einfach an und wir finden eine individuelle L\u00f6sung f\u00fcr Ihre M\u00f6bel, Ihren Hausrat oder andere Gegenst\u00e4nde \u2013 sei es f\u00fcr einen begrenzten Zeitraum oder langfristig.<\/p><p><strong>Einlagerung von M\u00f6beln und pers\u00f6nlichen Gegenst\u00e4nden<\/strong><\/p><p>Nicht nur bei Umz\u00fcgen, Haushaltsaufl\u00f6sungen oder Reisen k\u00f6nnen Platzprobleme auftreten, sondern oft ist der verf\u00fcgbare Platz begrenzt. Dies kann zu unl\u00f6sbaren Herausforderungen f\u00fchren, insbesondere wenn ein Haushalt verkleinert oder aufgel\u00f6st wird und die vielen M\u00f6bel nicht in das neue Zuhause passen. Es gibt viele gute Gr\u00fcnde f\u00fcr eine kurz- oder langfristige Einlagerung in unseren sicheren M\u00f6bellagern in D\u00fcren, Aachen, K\u00f6ln, D\u00fcsseldorf, J\u00fclich, Geilenkirchen, Kaarst, Eschweiler und Lagerwehe. Bei uns sind Ihre M\u00f6bel, Ihr Hausrat und Ihre Umzugsg\u00fcter in guten H\u00e4nden. Wir lagern Ihr Eigentum so, wie es von einem professionellen Umzugsunternehmen erwartet wird: sicher, sauber und ordentlich. Wir unterst\u00fctzen Sie bei Ihren Platzproblemen.<\/p>\t\t\t\t\t\t\t\t<\/div>\n\t\t\t\t<\/div>\n\t\t\t\t<div class=\"elementor-element elementor-element-0aef8fa elementor-align-center elementor-invisible elementor-widget elementor-widget-button\" data-id=\"0aef8fa\" data-element_type=\"widget\" data-settings=\"{&quot;_animation&quot;:&quot;fadeInLeft&quot;}\" data-widget_type=\"button.default\">\n\t\t\t\t<div class=\"elementor-widget-container\">\n\t\t\t\t\t\t\t\t\t<div class=\"elementor-button-wrapper\">\n\t\t\t\t\t<a class=\"elementor-button elementor-button-link elementor-size-lg\" href=\"http:\/\/dn-umzuege.ui.xerbdev.online\/?page_id=365\">\n\t\t\t\t\t\t<span class=\"elementor-button-content-wrapper\">\n\t\t\t\t\t\t<span class=\"elementor-button-icon\">\n\t\t\t\t<svg aria-hidden=\"true\" class=\"e-font-icon-svg e-fas-arrow-circle-right\" viewBox=\"0 0 512 512\" xmlns=\"http:\/\/www.w3.org\/2000\/svg\"><path d=\"M256 8c137 0 248 111 248 248S393 504 256 504 8 393 8 256 119 8 256 8zm-28.9 143.6l75.5 72.4H120c-13.3 0-24 10.7-24 24v16c0 13.3 10.7 24 24 24h182.6l-75.5 72.4c-9.7 9.3-9.9 24.8-.4 34.3l11 10.9c9.4 9.4 24.6 9.4 33.9 0L404.3 273c9.4-9.4 9.4-24.6 0-33.9L271.6 106.3c-9.4-9.4-24.6-9.4-33.9 0l-11 10.9c-9.5 9.6-9.3 25.1.4 34.4z\"><\/path><\/svg>\t\t\t<\/span>\n\t\t\t\t\t\t\t\t\t<span class=\"elementor-button-text\">JETZT ANGEBOT ANFRAGEN<\/span>\n\t\t\t\t\t<\/span>\n\t\t\t\t\t<\/a>\n\t\t\t\t<\/div>\n\t\t\t\t\t\t\t\t<\/div>\n\t\t\t\t<\/div>\n\t\t\t\t<div class=\"elementor-element elementor-element-4dba833 elementor-widget elementor-widget-spacer\" data-id=\"4dba833\" data-element_type=\"widget\" data-widget_type=\"spacer.default\">\n\t\t\t\t<div class=\"elementor-widget-container\">\n\t\t\t\t\t\t\t<div class=\"elementor-spacer\">\n\t\t\t<div class=\"elementor-spacer-inner\"><\/div>\n\t\t<\/div>\n\t\t\t\t\t\t<\/div>\n\t\t\t\t<\/div>\n\t\t\t\t\t<\/div>\n\t\t<\/div>\n\t\t\t\t<div class=\"elementor-column elementor-col-50 elementor-top-column elementor-element elementor-element-645a37a8\" data-id=\"645a37a8\" data-element_type=\"column\" data-settings=\"{&quot;background_background&quot;:&quot;classic&quot;}\">\n\t\t\t<div class=\"elementor-widget-wrap\">\n\t\t\t\t\t\t\t<\/div>\n\t\t<\/div>\n\t\t\t\t\t<\/div>\n\t\t<\/section>\n\t\t\t\t<\/div>\n\t\t","protected":false},"excerpt":{"rendered":"<p>Einlagerung von M\u00f6beln beim Umzug Bei einem Umzug in D\u00fcren, K\u00f6ln, Aachen, J\u00fclich, D\u00fcsseldorf und Umgebung bieten wir Ihnen L\u00f6sungen f\u00fcr Ihre Platzprobleme. Ring Umz\u00fcge bietet verschiedene M\u00f6glichkeiten zur M\u00f6beleinlagerung. Sie brauchen sich keine Gedanken \u00fcber Sicherheitsstandards, beheizbare Lagerfl\u00e4chen oder die Gr\u00f6\u00dfe der Lager machen \u2013 wir haben die passende L\u00f6sung f\u00fcr Sie! Egal, ob [&hellip;]<\/p>\n","protected":false},"author":1,"featured_media":0,"parent":0,"menu_order":0,"comment_status":"closed","ping_status":"closed","template":"elementor_header_footer","meta":{"footnotes":""},"class_list":["post-359","page","type-page","status-publish","hentry"],"_links":{"self":[{"href":"https:\/\/dn-umzuege.de\/index.php?rest_route=\/wp\/v2\/pages\/359","targetHints":{"allow":["GET"]}}],"collection":[{"href":"https:\/\/dn-umzuege.de\/index.php?rest_route=\/wp\/v2\/pages"}],"about":[{"href":"https:\/\/dn-umzuege.de\/index.php?rest_route=\/wp\/v2\/types\/page"}],"author":[{"embeddable":true,"href":"https:\/\/dn-umzuege.de\/index.php?rest_route=\/wp\/v2\/users\/1"}],"replies":[{"embeddable":true,"href":"https:\/\/dn-umzuege.de\/index.php?rest_route=%2Fwp%2Fv2%2Fcomments&post=359"}],"version-history":[{"count":7,"href":"https:\/\/dn-umzuege.de\/index.php?rest_route=\/wp\/v2\/pages\/359\/revisions"}],"predecessor-version":[{"id":425,"href":"https:\/\/dn-umzuege.de\/index.php?rest_route=\/wp\/v2\/pages\/359\/revisions\/425"}],"wp:attachment":[{"href":"https:\/\/dn-umzuege.de\/index.php?rest_route=%2Fwp%2Fv2%2Fmedia&parent=359"}],"curies":[{"name":"wp","href":"https:\/\/api.w.org\/{rel}","templated":true}]}}